{"id":6,"date":"2026-02-19T19:27:55","date_gmt":"2026-02-19T19:27:55","guid":{"rendered":"http:\/\/rokkobiet.pl\/?page_id=6"},"modified":"2026-02-19T19:27:55","modified_gmt":"2026-02-19T19:27:55","slug":"o-blogu","status":"publish","type":"page","link":"https:\/\/rokkobiet.pl\/?page_id=6","title":{"rendered":"O blogu"},"content":{"rendered":"\n<p><strong>Blog \u201eAgrologika Pola\u201d<\/strong> powsta\u0142 z przekonania, \u017ce plon nie zale\u017cy od jednego zabiegu ani jednego produktu, lecz od ca\u0142ego systemu decyzji podejmowanych od przygotowania stanowiska a\u017c po zbi\u00f3r. Jego celem jest pokazanie mechanizm\u00f3w stoj\u0105cych za powodzeniem upraw, a nie tworzenie list porad sezonowych.<\/p>\n\n\n\n<p>Publikowane teksty wyja\u015bniaj\u0105 zale\u017cno\u015bci mi\u0119dzy konkurencj\u0105 ro\u015blin, warunkami \u015brodowiska i stabilno\u015bci\u0105 produkcji. Autor skupia si\u0119 na procesach, kt\u00f3re cz\u0119sto pozostaj\u0105 niewidoczne &#8211; tempie wzrostu, dost\u0119pie do \u015bwiat\u0142a i kolejno\u015bci zdarze\u0144 w sezonie . Dzi\u0119ki temu czytelnik zaczyna rozumie\u0107, dlaczego te same zabiegi w r\u00f3\u017cnych latach daj\u0105 odmienne rezultaty.<\/p>\n\n\n\n<p><strong>Na blogu znajdziesz:<\/strong><br> analiz\u0119 decyzji agrotechnicznych<br>zale\u017cno\u015bci mi\u0119dzy \u015brodowiskiem a plonem<br>praktyczne wnioski z obserwacji p\u00f3l<\/p>\n\n\n\n<p>wp\u0142yw warunk\u00f3w pogodowych na upraw\u0119<br>wiedz\u0119 opart\u0105 na procesach, nie na schematach<\/p>\n\n\n\n<p>To miejsce dla os\u00f3b, kt\u00f3re chc\u0105 prowadzi\u0107 upraw\u0119 \u015bwiadomie &#8211; tak, aby z ka\u017cdym sezonem <strong>pracowa\u0107 mniej przypadkowo<\/strong>, a bardziej przewidywalnie.<\/p>\n","protected":false},"excerpt":{"rendered":"<p>Blog \u201eAgrologika Pola\u201d powsta\u0142 z przekonania, \u017ce plon nie zale\u017cy od jednego zabiegu ani jednego produktu, lecz od ca\u0142ego systemu decyzji podejmowanych od przygotowania stanowiska a\u017c po zbi\u00f3r. Jego celem jest pokazanie mechanizm\u00f3w stoj\u0105cych za powodzeniem upraw, a nie tworzenie list porad sezonowych. Publikowane teksty wyja\u015bniaj\u0105 zale\u017cno\u015bci mi\u0119dzy konkurencj\u0105 ro\u015blin, warunkami \u015brodowiska i stabilno\u015bci\u0105 produkcji.&hellip;<\/p>\n<p><a class=\"more-link\" href=\"https:\/\/rokkobiet.pl\/?page_id=6\" title=\"Continue reading &lsquo;O blogu&rsquo;\">Continue reading <span class=\"meta-nav\">&rarr;<\/span><\/a><\/p>\n","protected":false},"author":1,"featured_media":0,"parent":0,"menu_order":0,"comment_status":"closed","ping_status":"closed","template":"","meta":{"footnotes":""},"class_list":["post-6","page","type-page","status-publish","hentry"],"_links":{"self":[{"href":"https:\/\/rokkobiet.pl\/index.php?rest_route=\/wp\/v2\/pages\/6","targetHints":{"allow":["GET"]}}],"collection":[{"href":"https:\/\/rokkobiet.pl\/index.php?rest_route=\/wp\/v2\/pages"}],"about":[{"href":"https:\/\/rokkobiet.pl\/index.php?rest_route=\/wp\/v2\/types\/page"}],"author":[{"embeddable":true,"href":"https:\/\/rokkobiet.pl\/index.php?rest_route=\/wp\/v2\/users\/1"}],"replies":[{"embeddable":true,"href":"https:\/\/rokkobiet.pl\/index.php?rest_route=%2Fwp%2Fv2%2Fcomments&post=6"}],"version-history":[{"count":1,"href":"https:\/\/rokkobiet.pl\/index.php?rest_route=\/wp\/v2\/pages\/6\/revisions"}],"predecessor-version":[{"id":8,"href":"https:\/\/rokkobiet.pl\/index.php?rest_route=\/wp\/v2\/pages\/6\/revisions\/8"}],"wp:attachment":[{"href":"https:\/\/rokkobiet.pl\/index.php?rest_route=%2Fwp%2Fv2%2Fmedia&parent=6"}],"curies":[{"name":"wp","href":"https:\/\/api.w.org\/{rel}","templated":true}]}}